{"id":231,"date":"2021-09-02T14:06:57","date_gmt":"2021-09-02T12:06:57","guid":{"rendered":"https:\/\/vawv.de\/?page_id=231"},"modified":"2021-10-14T15:10:06","modified_gmt":"2021-10-14T13:10:06","slug":"ueber-uns","status":"publish","type":"page","link":"https:\/\/vawv.de\/en\/ueber-uns\/","title":{"rendered":"ABOUT US"},"content":{"rendered":"\n<div class=\"wp-block-cover has-background-dim alignwide\"><img loading=\"lazy\" decoding=\"async\" width=\"2560\" height=\"1920\" class=\"wp-block-cover__image-background wp-image-110\" alt=\"\" src=\"https:\/\/vawv.de\/wp-content\/uploads\/2021\/09\/e-diop-TjUMBO7dEIo-unsplash-scaled.jpg\" data-object-fit=\"cover\" srcset=\"https:\/\/vawv.de\/wp-content\/uploads\/2021\/09\/e-diop-TjUMBO7dEIo-unsplash-scaled.jpg 2560w, https:\/\/vawv.de\/wp-content\/uploads\/2021\/09\/e-diop-TjUMBO7dEIo-unsplash-300x225.jpg 300w, https:\/\/vawv.de\/wp-content\/uploads\/2021\/09\/e-diop-TjUMBO7dEIo-unsplash-1024x768.jpg 1024w, https:\/\/vawv.de\/wp-content\/uploads\/2021\/09\/e-diop-TjUMBO7dEIo-unsplash-768x576.jpg 768w, https:\/\/vawv.de\/wp-content\/uploads\/2021\/09\/e-diop-TjUMBO7dEIo-unsplash-1536x1152.jpg 1536w, https:\/\/vawv.de\/wp-content\/uploads\/2021\/09\/e-diop-TjUMBO7dEIo-unsplash-2048x1536.jpg 2048w\" sizes=\"auto, (max-width: 2560px) 100vw, 2560px\" \/><div class=\"wp-block-cover__inner-container is-layout-flow wp-block-cover-is-layout-flow\">\n<p class=\"has-text-align-center has-large-font-size\">FROM US TO US &#8211; TOGETHER WE STAND<\/p>\n<\/div><\/div>\n\n\n\n<div class=\"wp-block-cover alignfull has-background-dim\" style=\"background-color:#ffffff;min-height:100vh;aspect-ratio:unset;\"><div class=\"wp-block-cover__inner-container is-layout-flow wp-block-cover-is-layout-flow\">\n<div class=\"wp-block-media-text alignwide is-stacked-on-mobile is-vertically-aligned-center is-image-fill\" style=\"grid-template-columns:56% auto\"><figure class=\"wp-block-media-text__media\" style=\"background-image:url(https:\/\/vawv.de\/wp-content\/uploads\/2021\/10\/leighann-blackwood-hx87JWG4yCI-unsplash-scaled-e1634116549642-1024x989.jpg);background-position:50% 50%\"><img loading=\"lazy\" decoding=\"async\" width=\"1024\" height=\"989\" src=\"https:\/\/vawv.de\/wp-content\/uploads\/2021\/10\/leighann-blackwood-hx87JWG4yCI-unsplash-scaled-e1634116549642-1024x989.jpg\" alt=\"\" class=\"wp-image-283 size-full\" srcset=\"https:\/\/vawv.de\/wp-content\/uploads\/2021\/10\/leighann-blackwood-hx87JWG4yCI-unsplash-scaled-e1634116549642-1024x989.jpg 1024w, https:\/\/vawv.de\/wp-content\/uploads\/2021\/10\/leighann-blackwood-hx87JWG4yCI-unsplash-scaled-e1634116549642-300x290.jpg 300w, https:\/\/vawv.de\/wp-content\/uploads\/2021\/10\/leighann-blackwood-hx87JWG4yCI-unsplash-scaled-e1634116549642-768x741.jpg 768w, https:\/\/vawv.de\/wp-content\/uploads\/2021\/10\/leighann-blackwood-hx87JWG4yCI-unsplash-scaled-e1634116549642-1536x1483.jpg 1536w, https:\/\/vawv.de\/wp-content\/uploads\/2021\/10\/leighann-blackwood-hx87JWG4yCI-unsplash-scaled-e1634116549642.jpg 2022w\" sizes=\"auto, (max-width: 1024px) 100vw, 1024px\" \/><\/figure><div class=\"wp-block-media-text__content\">\n<h2 class=\"has-text-color wp-block-heading\" style=\"color:#000000;font-size:32px\"><strong>Wer wir sind<\/strong><\/h2>\n\n\n\n<p class=\"has-text-color\" style=\"color:#000000;font-size:17px\">Valid African Women Voices (VAWV) ist ein von afrikanischen Frauen gegr\u00fcndeter Verein, der afrikanischen Frauen Hilfeleistungen bietet &#8211; k\u00f6rperlich, seelisch, wirtschaftliche oder sozial.<\/p>\n\n\n\n<p class=\"has-text-color\" style=\"color:#000000;font-size:17px\">Die Einrichtung und Beratungsstelle soll durch gezielte Hilfsma\u00dfnahmen hilfsbed\u00fcrftige Frauen, pers\u00f6nlich, rechtlich, sozial und wirtschaftlich beraten und durch Intervention unterst\u00fctzen.<\/p>\n<\/div><\/div>\n<\/div><\/div>\n\n\n\n<h2 class=\"wp-block-heading\" style=\"font-weight:700\">&#8220;<em>Es braucht ein ganzes Dorf um ein Kind aufzuziehen<\/em>&#8220;<\/h2>\n\n\n\n<p class=\"has-text-align-right has-text-color\" style=\"color:#000000\">Afrikanisches Sprichwort<\/p>\n\n\n\n<div style=\"height:100px\" aria-hidden=\"true\" class=\"wp-block-spacer\"><\/div>\n\n\n\n<div class=\"wp-block-cover aligncenter has-background-dim\" style=\"background-color:#ffffff\"><div class=\"wp-block-cover__inner-container is-layout-flow wp-block-cover-is-layout-flow\">\n<div class=\"wp-block-media-text alignwide has-media-on-the-right is-stacked-on-mobile is-vertically-aligned-center is-image-fill\" style=\"grid-template-columns:auto 56%\"><figure class=\"wp-block-media-text__media\" style=\"background-image:url(https:\/\/vawv.de\/wp-content\/uploads\/2021\/10\/vonecia-carswell-0aMMMUjiiEQ-unsplash-scaled.jpg);background-position:50% 50%\"><img loading=\"lazy\" decoding=\"async\" width=\"2560\" height=\"1707\" src=\"https:\/\/vawv.de\/wp-content\/uploads\/2021\/10\/vonecia-carswell-0aMMMUjiiEQ-unsplash-scaled.jpg\" alt=\"\" class=\"wp-image-552 size-full\" srcset=\"https:\/\/vawv.de\/wp-content\/uploads\/2021\/10\/vonecia-carswell-0aMMMUjiiEQ-unsplash-scaled.jpg 2560w, https:\/\/vawv.de\/wp-content\/uploads\/2021\/10\/vonecia-carswell-0aMMMUjiiEQ-unsplash-300x200.jpg 300w, https:\/\/vawv.de\/wp-content\/uploads\/2021\/10\/vonecia-carswell-0aMMMUjiiEQ-unsplash-1024x683.jpg 1024w, https:\/\/vawv.de\/wp-content\/uploads\/2021\/10\/vonecia-carswell-0aMMMUjiiEQ-unsplash-768x512.jpg 768w, https:\/\/vawv.de\/wp-content\/uploads\/2021\/10\/vonecia-carswell-0aMMMUjiiEQ-unsplash-1536x1024.jpg 1536w, https:\/\/vawv.de\/wp-content\/uploads\/2021\/10\/vonecia-carswell-0aMMMUjiiEQ-unsplash-2048x1365.jpg 2048w\" sizes=\"auto, (max-width: 2560px) 100vw, 2560px\" \/><\/figure><div class=\"wp-block-media-text__content\">\n<p class=\"has-text-color\" style=\"color:#000000;font-size:17px\">A life away from home is difficult enough, so we want to make it a little easier for women to build a beautiful and stable life here in Germany and in turn help each other.<\/p>\n\n\n\n<p class=\"has-text-color\" style=\"color:#000000;font-size:17px\">With Valid Women Voices we want to find a common voice and finally build a home away from home.<\/p>\n\n\n\n<p class=\"has-text-color\" style=\"color:#000000;font-size:17px\">We want to network and become a voice to create awareness on different issues around African women living in Germany and their children.<\/p>\n\n\n\n<p class=\"has-text-color\" style=\"color:#000000;font-size:17px\">With our voice we want to prevent violence against African women in Germany and protect them.<\/p>\n\n\n\n<p class=\"has-text-color\" style=\"color:#000000;font-size:17px\">With our voice we want to build a bridge between African women and the German society.<\/p>\n\n\n\n<p class=\"has-text-color\" style=\"color:#000000;font-size:17px\">Building a society starts with the house.<\/p>\n\n\n\n<div class=\"wp-block-buttons is-layout-flex wp-block-buttons-is-layout-flex\"><\/div>\n<\/div><\/div>\n<\/div><\/div>\n\n\n\n<div style=\"height:100px\" aria-hidden=\"true\" class=\"wp-block-spacer\"><\/div>\n\n\n\n<p><\/p>\n\n\n\n<p class=\"has-text-align-right\"><\/p>\n\n\n\n<p><\/p>\n\n\n\n<h4 class=\"has-text-align-center wp-block-heading\"><em><strong>African Women in general need to know that it&#8217;s ok for them to be the way they are &#8211; to see the way they are as a strength and to be liberated from fear and from silence.<\/strong><\/em><\/h4>\n\n\n\n<h5 class=\"has-text-align-right wp-block-heading\">Wangari Maathai<\/h5>\n\n\n\n<p><\/p>\n","protected":false},"excerpt":{"rendered":"<p>&#8220;Es braucht ein ganzes Dorf um ein Kind aufzuziehen&#8220; Afrikanisches Sprichwort African Women in general need to know that it&#8217;s ok for them to be the way they are &#8211; to see the way they are as a strength and to be liberated from fear and from silence. Wangari Maathai<\/p>\n","protected":false},"author":1,"featured_media":0,"parent":0,"menu_order":0,"comment_status":"closed","ping_status":"closed","template":"","meta":{"footnotes":""},"class_list":["post-231","page","type-page","status-publish","hentry"],"translation":{"provider":"WPGlobus","version":"2.10.4","language":"en","enabled_languages":["de","en"],"languages":{"de":{"title":true,"content":true,"excerpt":false},"en":{"title":true,"content":false,"excerpt":false}}},"_links":{"self":[{"href":"https:\/\/vawv.de\/en\/wp-json\/wp\/v2\/pages\/231","targetHints":{"allow":["GET"]}}],"collection":[{"href":"https:\/\/vawv.de\/en\/wp-json\/wp\/v2\/pages"}],"about":[{"href":"https:\/\/vawv.de\/en\/wp-json\/wp\/v2\/types\/page"}],"author":[{"embeddable":true,"href":"https:\/\/vawv.de\/en\/wp-json\/wp\/v2\/users\/1"}],"replies":[{"embeddable":true,"href":"https:\/\/vawv.de\/en\/wp-json\/wp\/v2\/comments?post=231"}],"version-history":[{"count":10,"href":"https:\/\/vawv.de\/en\/wp-json\/wp\/v2\/pages\/231\/revisions"}],"predecessor-version":[{"id":578,"href":"https:\/\/vawv.de\/en\/wp-json\/wp\/v2\/pages\/231\/revisions\/578"}],"wp:attachment":[{"href":"https:\/\/vawv.de\/en\/wp-json\/wp\/v2\/media?parent=231"}],"curies":[{"name":"wp","href":"https:\/\/api.w.org\/{rel}","templated":true}]}}